{"id":1375,"date":"2024-01-08T15:46:46","date_gmt":"2024-01-08T15:46:46","guid":{"rendered":"https:\/\/anibalfraquelli.com\/?page_id=1375"},"modified":"2024-01-11T17:55:44","modified_gmt":"2024-01-11T17:55:44","slug":"sitemap","status":"publish","type":"page","link":"https:\/\/anibalfraquelli.com\/index.php\/sitemap\/","title":{"rendered":"Sitemap"},"content":{"rendered":"<div id=\"simple-sitemap-container-69e49be0aeb31\" class=\"simple-sitemap-container simple-sitemap-container-69e49be0aeb31 tab-disabled\"><div class=\"simple-sitemap-wrap\"><h3 class=\"post-type\">Pages<\/h3><ul class=\"simple-sitemap-page main\"><li class=\"sitemap-item page_item page-item-33\"><a href=\"https:\/\/anibalfraquelli.com\/index.php\/demos\/\">Demos<\/a><\/li>\n<li class=\"sitemap-item page_item page-item-1388\"><a href=\"https:\/\/anibalfraquelli.com\/index.php\/dov-simens\/\">Dov Simens<\/a><\/li>\n<li class=\"sitemap-item page_item page-item-160\"><a href=\"https:\/\/anibalfraquelli.com\/index.php\/redes-y-reels\/\">Fotos y Videos<\/a><\/li>\n<li class=\"sitemap-item page_item page-item-156\"><a href=\"https:\/\/anibalfraquelli.com\/index.php\/informativos\/\">Informativos y Noticias<\/a><\/li>\n<li class=\"sitemap-item page_item page-item-37\"><a href=\"https:\/\/anibalfraquelli.com\/index.php\/perfil\/\">Perfil\/Bio<\/a><\/li>\n<li class=\"sitemap-item page_item page-item-252\"><a href=\"https:\/\/anibalfraquelli.com\/index.php\/podcasts-2\/\">Podcasts<\/a><\/li>\n<li class=\"sitemap-item page_item page-item-31\"><a href=\"https:\/\/anibalfraquelli.com\/index.php\/radio\/\">Radio<\/a><\/li>\n<li class=\"sitemap-item page_item page-item-154\"><a href=\"https:\/\/anibalfraquelli.com\/index.php\/radioformula\/\">Radio Formula<\/a><\/li>\n<li class=\"sitemap-item page_item page-item-152\"><a href=\"https:\/\/anibalfraquelli.com\/index.php\/relatos\/\">Relatos<\/a><\/li>\n<li class=\"sitemap-item page_item page-item-1375\"><a href=\"https:\/\/anibalfraquelli.com\/index.php\/sitemap\/\">Sitemap<\/a><\/li>\n<\/ul><\/div><div class=\"simple-sitemap-wrap\"><h3 class=\"post-type\">Posts<\/h3><ul class=\"simple-sitemap-post main\"><li class=\"sitemap-item\"><a href=\"https:\/\/anibalfraquelli.com\/index.php\/2021\/11\/10\/611-de-anibal-fraquelli\/\">611 &#8211; de An\u00edbal Fraquelli<\/a><\/li><li class=\"sitemap-item\"><a href=\"https:\/\/anibalfraquelli.com\/index.php\/2022\/08\/14\/actuacion-ante-camara\/\">Actuaci\u00f3n ante c\u00e1mara<\/a><\/li><li class=\"sitemap-item\"><a href=\"https:\/\/anibalfraquelli.com\/index.php\/2023\/02\/28\/comienza-marzo-2023\/\">Comienza marzo 2023<\/a><\/li><li class=\"sitemap-item\"><a href=\"https:\/\/anibalfraquelli.com\/index.php\/2021\/11\/10\/cuando-en-palermo-hollywood-jugabamos-al-futbol-de-fernando-sorrentino\/\">Cuando en Palermo Hollywood jug\u00e1bamos al f\u00fatbol &#8211; de Fernando Sorrentino<\/a><\/li><li class=\"sitemap-item\"><a href=\"https:\/\/anibalfraquelli.com\/index.php\/2021\/11\/15\/demo-compilado-al-15-11-2021\/\">Demo compilado al 15\/11\/2021<\/a><\/li><li class=\"sitemap-item\"><a href=\"https:\/\/anibalfraquelli.com\/index.php\/2022\/06\/29\/el-5-de-julio-es-la-graduacion\/\">El 5 de julio es la graduaci\u00f3n<\/a><\/li><li class=\"sitemap-item\"><a href=\"https:\/\/anibalfraquelli.com\/index.php\/2022\/07\/15\/el-secreto-del-cambio-con-mi-voz-ya-esta-en-la-plataforma-storytel\/\">El secreto del cambio con mi voz, ya est\u00e1 en la plataforma Storytel<\/a><\/li><li class=\"sitemap-item\"><a href=\"https:\/\/anibalfraquelli.com\/index.php\/2022\/10\/13\/llego-la-tranqui-week\/\">Lleg\u00f3 la Tranqui Week de San Cristobal Seguros<\/a><\/li><li class=\"sitemap-item\"><a href=\"https:\/\/anibalfraquelli.com\/index.php\/2023\/06\/04\/locucion-para-canal-de-youtube-bifurcados\/\">Locuci\u00f3n para canal de Youtube Bifurcados<\/a><\/li><li class=\"sitemap-item\"><a href=\"https:\/\/anibalfraquelli.com\/index.php\/2022\/08\/31\/mi-participacion-en-numero-oculto\/\">Mi participaci\u00f3n en &#8220;Numero Oculto&#8221;<\/a><\/li><li class=\"sitemap-item\"><a href=\"https:\/\/anibalfraquelli.com\/index.php\/2023\/01\/29\/nuevos-demos\/\">Nuevos Demos<\/a><\/li><li class=\"sitemap-item\"><a href=\"https:\/\/anibalfraquelli.com\/index.php\/2021\/11\/10\/preembarco-1-de-fernando-pena\/\">Preembarco  1 &#8211; de Fernando Pe\u00f1a<\/a><\/li><li class=\"sitemap-item\"><a href=\"https:\/\/anibalfraquelli.com\/index.php\/2021\/11\/10\/preembarco-2-de-fernando-pena\/\">Preembarco 2 &#8211; de Fernando Pe\u00f1a<\/a><\/li><li class=\"sitemap-item\"><a href=\"https:\/\/anibalfraquelli.com\/index.php\/2022\/09\/30\/proximamente-campana-web-para-importante-compania-de-seguros\/\">Pr\u00f3ximamente campa\u00f1a Web para importante Compa\u00f1\u00eda de Seguros&#8230;<\/a><\/li><li class=\"sitemap-item\"><a href=\"https:\/\/anibalfraquelli.com\/index.php\/2022\/12\/14\/proximamente-acentoneutro-net\/\">Pr\u00f3ximamente: AcentoNeutro.net<\/a><\/li><li class=\"sitemap-item\"><a href=\"https:\/\/anibalfraquelli.com\/index.php\/2023\/03\/10\/rakuten-copa-davis\/\">Rakuten Copa Davis<\/a><\/li><li class=\"sitemap-item\"><a href=\"https:\/\/anibalfraquelli.com\/index.php\/2022\/10\/28\/seguimos-haciendo-casting-y-demos\/\">Seguimos haciendo casting (y demos&#8230;)<\/a><\/li><li class=\"sitemap-item\"><a href=\"https:\/\/anibalfraquelli.com\/index.php\/2021\/10\/10\/senales-de-humo-relat0\/\">Se\u00f1ales de humo (relato)<\/a><\/li><\/ul><\/div><\/div><br style=\"clear: both;\">\n","protected":false},"excerpt":{"rendered":" <a class=\"more-link\" href=\"https:\/\/anibalfraquelli.com\/index.php\/2021\/10\/10\/senales-de-humo-relat0\/\"><span class=\"more-msg\">Continue reading &rarr;<\/span><\/a>","protected":false},"author":1,"featured_media":0,"parent":0,"menu_order":9999,"comment_status":"closed","ping_status":"closed","template":"","meta":{"footnotes":""},"class_list":["post-1375","page","type-page","status-publish","hentry"],"_links":{"self":[{"href":"https:\/\/anibalfraquelli.com\/index.php\/wp-json\/wp\/v2\/pages\/1375","targetHints":{"allow":["GET"]}}],"collection":[{"href":"https:\/\/anibalfraquelli.com\/index.php\/wp-json\/wp\/v2\/pages"}],"about":[{"href":"https:\/\/anibalfraquelli.com\/index.php\/wp-json\/wp\/v2\/types\/page"}],"author":[{"embeddable":true,"href":"https:\/\/anibalfraquelli.com\/index.php\/wp-json\/wp\/v2\/users\/1"}],"replies":[{"embeddable":true,"href":"https:\/\/anibalfraquelli.com\/index.php\/wp-json\/wp\/v2\/comments?post=1375"}],"version-history":[{"count":3,"href":"https:\/\/anibalfraquelli.com\/index.php\/wp-json\/wp\/v2\/pages\/1375\/revisions"}],"predecessor-version":[{"id":1378,"href":"https:\/\/anibalfraquelli.com\/index.php\/wp-json\/wp\/v2\/pages\/1375\/revisions\/1378"}],"wp:attachment":[{"href":"https:\/\/anibalfraquelli.com\/index.php\/wp-json\/wp\/v2\/media?parent=1375"}],"curies":[{"name":"wp","href":"https:\/\/api.w.org\/{rel}","templated":true}]}}