{"id":152,"date":"2021-06-29T00:24:27","date_gmt":"2021-06-29T00:24:27","guid":{"rendered":"http:\/\/anibalfraquelli.com\/?page_id=152"},"modified":"2021-10-27T19:06:57","modified_gmt":"2021-10-27T19:06:57","slug":"relatos","status":"publish","type":"page","link":"https:\/\/anibalfraquelli.com\/index.php\/relatos\/","title":{"rendered":"Relatos"},"content":{"rendered":"\n<div class=\"wp-block-image\"><figure class=\"aligncenter size-full\"><img loading=\"lazy\" decoding=\"async\" width=\"100\" height=\"113\" src=\"https:\/\/anibalfraquelli.com\/wp-content\/uploads\/2021\/10\/condude2.gif\" alt=\"\" class=\"wp-image-217\"\/><\/figure><\/div>\n\n\n\n<p><strong>Se\u00f1ales de humo &#8211; Gui\u00f3n y edici\u00f3n: Mar\u00eda Laura Salvatierra.<\/strong><\/p>\n\n\n\n<figure class=\"wp-block-audio\"><audio controls src=\"blob:http:\/\/anibalfraquelli.com\/fd17842e-851b-4921-9ab4-d76222f92834\"><\/audio><\/figure>\n","protected":false},"excerpt":{"rendered":"<p>Se\u00f1ales de humo &#8211; Gui\u00f3n y edici\u00f3n: Mar\u00eda Laura Salvatierra.<\/p>\n <a class=\"more-link\" href=\"https:\/\/anibalfraquelli.com\/index.php\/relatos\/\"><span class=\"more-msg\">Continue reading &rarr;<\/span><\/a>","protected":false},"author":1,"featured_media":0,"parent":0,"menu_order":90,"comment_status":"closed","ping_status":"closed","template":"","meta":{"footnotes":""},"class_list":["post-152","page","type-page","status-publish","hentry"],"_links":{"self":[{"href":"https:\/\/anibalfraquelli.com\/index.php\/wp-json\/wp\/v2\/pages\/152","targetHints":{"allow":["GET"]}}],"collection":[{"href":"https:\/\/anibalfraquelli.com\/index.php\/wp-json\/wp\/v2\/pages"}],"about":[{"href":"https:\/\/anibalfraquelli.com\/index.php\/wp-json\/wp\/v2\/types\/page"}],"author":[{"embeddable":true,"href":"https:\/\/anibalfraquelli.com\/index.php\/wp-json\/wp\/v2\/users\/1"}],"replies":[{"embeddable":true,"href":"https:\/\/anibalfraquelli.com\/index.php\/wp-json\/wp\/v2\/comments?post=152"}],"version-history":[{"count":5,"href":"https:\/\/anibalfraquelli.com\/index.php\/wp-json\/wp\/v2\/pages\/152\/revisions"}],"predecessor-version":[{"id":230,"href":"https:\/\/anibalfraquelli.com\/index.php\/wp-json\/wp\/v2\/pages\/152\/revisions\/230"}],"wp:attachment":[{"href":"https:\/\/anibalfraquelli.com\/index.php\/wp-json\/wp\/v2\/media?parent=152"}],"curies":[{"name":"wp","href":"https:\/\/api.w.org\/{rel}","templated":true}]}}