{"id":33,"date":"2019-08-25T17:46:51","date_gmt":"2019-08-25T17:46:51","guid":{"rendered":"http:\/\/anibalfraquelli.com\/?page_id=33"},"modified":"2021-11-20T14:40:55","modified_gmt":"2021-11-20T14:40:55","slug":"demos","status":"publish","type":"page","link":"https:\/\/anibalfraquelli.com\/index.php\/demos\/","title":{"rendered":"Demos"},"content":{"rendered":"\n<h2 class=\"wp-block-heading\">Demo general de voces <\/h2>\n\n\n\n<p><\/p>\n\n\n\n<h3 class=\"wp-block-heading\">Compilado<\/h3>\n\n\n\n<figure class=\"wp-block-audio\"><audio controls src=\"https:\/\/anibalfraquelli.com\/wp-content\/uploads\/2021\/11\/FRAQUELLI-DEMO.mp3\"><\/audio><\/figure>\n\n\n\n<h2 class=\"wp-block-heading\">Espa\u00f1ol Neutro<\/h2>\n\n\n\n<p><\/p>\n\n\n\n<h3 class=\"wp-block-heading\">Audio Libro: El Gato negro<\/h3>\n\n\n\n<figure class=\"wp-block-audio\"><audio controls src=\"https:\/\/anibalfraquelli.com\/wp-content\/uploads\/2021\/02\/ANIBAL-FRAQUELLI-AUDIOLIBRO.mp3\"><\/audio><\/figure>\n\n\n\n<h3 class=\"wp-block-heading\">Publicidades y Acting<\/h3>\n\n\n\n<figure class=\"wp-block-audio\"><audio controls src=\"https:\/\/anibalfraquelli.com\/wp-content\/uploads\/2021\/02\/ANIBAL-FRAQUELLI-PUBLICIDADES-1min-08seg.mp3\"><\/audio><\/figure>\n\n\n\n<p><\/p>\n\n\n\n<h3 class=\"wp-block-heading\">Los gatos y el rat\u00f3n&#8230;<\/h3>\n\n\n\n<figure class=\"wp-block-video\"><video height=\"720\" style=\"aspect-ratio: 1280 \/ 720;\" width=\"1280\" controls src=\"https:\/\/anibalfraquelli.com\/wp-content\/uploads\/2021\/02\/GATO-RATON-1.mp4\"><\/video><\/figure>\n\n\n\n<p>&#8230;<\/p>\n\n\n\n<figure class=\"wp-block-image size-full\"><img loading=\"lazy\" decoding=\"async\" width=\"100\" height=\"113\" src=\"https:\/\/anibalfraquelli.com\/wp-content\/uploads\/2021\/10\/condude2.gif\" alt=\"\" class=\"wp-image-217\"\/><\/figure>\n\n\n\n<h2 class=\"wp-block-heading\">Espa\u00f1ol Rioplatense<\/h2>\n\n\n\n<h2 class=\"wp-block-heading\">American English<\/h2>\n\n\n\n<p><\/p>\n\n\n\n<h2 class=\"wp-block-heading\">Spanglish <\/h2>\n\n\n\n<h2 class=\"wp-block-heading\">Portugu\u00eas do Brasil<\/h2>\n\n\n\n<h2 class=\"wp-block-heading\">E-learning m\u00e9dico<\/h2>\n\n\n\n<h2 class=\"wp-block-heading\">E-learning tecnolog\u00eda y sistemas<\/h2>\n\n\n\n<h2 class=\"wp-block-heading\">E-learning contable<\/h2>\n\n\n\n<h2 class=\"wp-block-heading\">E-learning m\u00e9dico <\/h2>\n\n\n\n<h2 class=\"wp-block-heading\">TV Promo<\/h2>\n\n\n\n<p><\/p>\n\n\n\n<p><\/p>\n","protected":false},"excerpt":{"rendered":"<p>Demo general de voces Compilado Espa\u00f1ol Neutro Audio Libro: El Gato negro Publicidades y Acting Los gatos y el rat\u00f3n&#8230; &#8230; Espa\u00f1ol Rioplatense American English Spanglish Portugu\u00eas do Brasil E-learning m\u00e9dico E-learning tecnolog\u00eda y sistemas E-learning contable E-learning m\u00e9dico TV <span class=\"excerpt-dots\">&hellip;<\/span> <a class=\"more-link\" href=\"https:\/\/anibalfraquelli.com\/index.php\/demos\/\"><span class=\"more-msg\">Continue reading &rarr;<\/span><\/a><\/p>\n","protected":false},"author":1,"featured_media":0,"parent":0,"menu_order":50,"comment_status":"closed","ping_status":"closed","template":"","meta":{"footnotes":""},"class_list":["post-33","page","type-page","status-publish","hentry"],"_links":{"self":[{"href":"https:\/\/anibalfraquelli.com\/index.php\/wp-json\/wp\/v2\/pages\/33","targetHints":{"allow":["GET"]}}],"collection":[{"href":"https:\/\/anibalfraquelli.com\/index.php\/wp-json\/wp\/v2\/pages"}],"about":[{"href":"https:\/\/anibalfraquelli.com\/index.php\/wp-json\/wp\/v2\/types\/page"}],"author":[{"embeddable":true,"href":"https:\/\/anibalfraquelli.com\/index.php\/wp-json\/wp\/v2\/users\/1"}],"replies":[{"embeddable":true,"href":"https:\/\/anibalfraquelli.com\/index.php\/wp-json\/wp\/v2\/comments?post=33"}],"version-history":[{"count":12,"href":"https:\/\/anibalfraquelli.com\/index.php\/wp-json\/wp\/v2\/pages\/33\/revisions"}],"predecessor-version":[{"id":289,"href":"https:\/\/anibalfraquelli.com\/index.php\/wp-json\/wp\/v2\/pages\/33\/revisions\/289"}],"wp:attachment":[{"href":"https:\/\/anibalfraquelli.com\/index.php\/wp-json\/wp\/v2\/media?parent=33"}],"curies":[{"name":"wp","href":"https:\/\/api.w.org\/{rel}","templated":true}]}}